    {"id":104,"date":"2023-12-16T03:17:05","date_gmt":"2023-12-16T03:17:05","guid":{"rendered":"https:\/\/breakingnewsfront.com\/?page_id=104"},"modified":"2025-11-22T12:13:42","modified_gmt":"2025-11-22T12:13:42","slug":"nosotros","status":"publish","type":"page","link":"https:\/\/breakingnewsfront.com\/es_d\/nosotros\/","title":{"rendered":"Nosotros"},"content":{"rendered":"<p>En Breaking News Front, creemos que la informaci\u00f3n es una herramienta poderosa para comprender y navegar un mundo en constante evoluci\u00f3n. Por eso, nos dedicamos a explorar los avances que est\u00e1n moldeando nuestra vida digital, desde innovaciones tecnol\u00f3gicas hasta transformaciones sociales y cambios en el panorama financiero global.<\/p>\n\n\n\n<h2 class=\"wp-block-heading\"><strong>Nuestra misi\u00f3n<\/strong><\/h2>\n\n\n\n<p>Buscamos ofrecer una visi\u00f3n clara, actualizada y \u00fatil sobre los temas que realmente influyen en la vida de las personas. Analizamos c\u00f3mo la tecnolog\u00eda impacta la econom\u00eda, c\u00f3mo la seguridad digital se vuelve esencial para todos y c\u00f3mo las nuevas tendencias sociales est\u00e1n redefiniendo la forma en que trabajamos, nos comunicamos y tomamos decisiones.<\/p>\n\n\n\n<h2 class=\"wp-block-heading\"><strong>Lo que hacemos<\/strong><\/h2>\n\n\n\n<p>Nuestro equipo investiga las novedades m\u00e1s relevantes del mundo digital, financiero y social, seleccionando informaci\u00f3n precisa y accesible para ayudarle a comprender mejor el entorno que nos rodea. Desde descubrimientos tecnol\u00f3gicos y an\u00e1lisis de ciberseguridad hasta perspectivas econ\u00f3micas y reflexiones sobre la sociedad moderna, nos comprometemos a ofrecer contenido que aporte valor real.<\/p>\n\n\n\n<h2 class=\"wp-block-heading\"><strong>Nuestro compromiso<\/strong><\/h2>\n\n\n\n<p>En Breaking News Front, aspiramos a construir una comunidad informada, curiosa y consciente del impacto que las innovaciones tienen en el d\u00eda a d\u00eda. Queremos acompa\u00f1arte en la b\u00fasqueda de conocimiento, brindarte herramientas que fortalezcan tu criterio y ayudarte a mantenerte preparado frente a los cambios que definen la era actual.<\/p>","protected":false},"excerpt":{"rendered":"<p>En Breaking News Front, creemos que la informaci\u00f3n es una herramienta poderosa para comprender y navegar un mundo en constante evoluci\u00f3n. Por eso, nos dedicamos a explorar los avances que est\u00e1n moldeando nuestra vida digital, desde innovaciones tecnol\u00f3gicas hasta transformaciones sociales y cambios en el panorama financiero global. Nuestra misi\u00f3n Buscamos ofrecer una visi\u00f3n clara, [\u2026]<\/p>","protected":false},"author":76,"featured_media":0,"parent":0,"menu_order":0,"comment_status":"closed","ping_status":"closed","template":"","meta":{"footnotes":""},"yoast_head":"<!-- This site is optimized with the Yoast SEO Premium plugin v18.7 (Yoast SEO v23.3) - https:\/\/yoast.com\/wordpress\/plugins\/seo\/ -->\n<title>Nosotros - breakingnewsfront<\/title>\n<meta name=\"robots\" content=\"index, follow, max-snippet:-1, max-image-preview:large, max-video-preview:-1\" \/>\n<link rel=\"canonical\" href=\"https:\/\/breakingnewsfront.com\/es_d\/nosotros\/\" \/>\n<meta property=\"og:locale\" content=\"es_ES\" \/>\n<meta property=\"og:type\" content=\"article\" \/>\n<meta property=\"og:title\" content=\"Nosotros\" \/>\n<meta property=\"og:description\" content=\"En Breaking News Front, creemos que la informaci\u00f3n es una herramienta poderosa para comprender y navegar un mundo en constante evoluci\u00f3n. Por eso, nos dedicamos a explorar los avances que est\u00e1n moldeando nuestra vida digital, desde innovaciones tecnol\u00f3gicas hasta transformaciones sociales y cambios en el panorama financiero global. Nuestra misi\u00f3n Buscamos ofrecer una visi\u00f3n clara, [&hellip;]\" \/>\n<meta property=\"og:url\" content=\"https:\/\/breakingnewsfront.com\/es_d\/nosotros\/\" \/>\n<meta property=\"og:site_name\" content=\"breakingnewsfront\" \/>\n<meta property=\"article:modified_time\" content=\"2025-11-22T12:13:42+00:00\" \/>\n<meta name=\"twitter:card\" content=\"summary_large_image\" \/>\n<meta name=\"twitter:label1\" content=\"Est. reading time\" \/>\n\t<meta name=\"twitter:data1\" content=\"1 minuto\" \/>\n<script type=\"application\/ld+json\" class=\"yoast-schema-graph\">{\"@context\":\"https:\/\/schema.org\",\"@graph\":[{\"@type\":\"WebPage\",\"@id\":\"http:\/\/breakingnewsfront.com\/nosotros\/\",\"url\":\"http:\/\/breakingnewsfront.com\/nosotros\/\",\"name\":\"Nosotros - breakingnewsfront\",\"isPartOf\":{\"@id\":\"https:\/\/breakingnewsfront.com\/#website\"},\"datePublished\":\"2023-12-16T03:17:05+00:00\",\"dateModified\":\"2025-11-22T12:13:42+00:00\",\"breadcrumb\":{\"@id\":\"http:\/\/breakingnewsfront.com\/nosotros\/#breadcrumb\"},\"inLanguage\":\"es\",\"potentialAction\":[{\"@type\":\"ReadAction\",\"target\":[\"http:\/\/breakingnewsfront.com\/nosotros\/\"]}]},{\"@type\":\"BreadcrumbList\",\"@id\":\"http:\/\/breakingnewsfront.com\/nosotros\/#breadcrumb\",\"itemListElement\":[{\"@type\":\"ListItem\",\"position\":1,\"name\":\"Home\",\"item\":\"https:\/\/breakingnewsfront.com\/\"},{\"@type\":\"ListItem\",\"position\":2,\"name\":\"Nosotros\"}]},{\"@type\":\"WebSite\",\"@id\":\"https:\/\/breakingnewsfront.com\/#website\",\"url\":\"https:\/\/breakingnewsfront.com\/\",\"name\":\"breakingnewsfront\",\"description\":\"\",\"publisher\":{\"@id\":\"https:\/\/breakingnewsfront.com\/#organization\"},\"potentialAction\":[{\"@type\":\"SearchAction\",\"target\":{\"@type\":\"EntryPoint\",\"urlTemplate\":\"https:\/\/breakingnewsfront.com\/?s={search_term_string}\"},\"query-input\":\"required name=search_term_string\"}],\"inLanguage\":\"es\"},{\"@type\":\"Organization\",\"@id\":\"https:\/\/breakingnewsfront.com\/#organization\",\"name\":\"breakingnewsfront\",\"url\":\"https:\/\/breakingnewsfront.com\/\",\"logo\":{\"@type\":\"ImageObject\",\"inLanguage\":\"es\",\"@id\":\"https:\/\/breakingnewsfront.com\/#\/schema\/logo\/image\/\",\"url\":\"https:\/\/breakingnewsfront.com\/wp-content\/uploads\/sites\/98\/2024\/05\/cropped-cropped-BREAKING-NEWS-FRONT-1-2.png\",\"contentUrl\":\"https:\/\/breakingnewsfront.com\/wp-content\/uploads\/sites\/98\/2024\/05\/cropped-cropped-BREAKING-NEWS-FRONT-1-2.png\",\"width\":512,\"height\":512,\"caption\":\"breakingnewsfront\"},\"image\":{\"@id\":\"https:\/\/breakingnewsfront.com\/#\/schema\/logo\/image\/\"}}]}<\/script>\n<!-- \/ Yoast SEO Premium plugin. -->","yoast_head_json":{"title":"Nosotros - breakingnewsfront","robots":{"index":"index","follow":"follow","max-snippet":"max-snippet:-1","max-image-preview":"max-image-preview:large","max-video-preview":"max-video-preview:-1"},"canonical":"https:\/\/breakingnewsfront.com\/es_d\/nosotros\/","og_locale":"es_ES","og_type":"article","og_title":"Nosotros","og_description":"En Breaking News Front, creemos que la informaci\u00f3n es una herramienta poderosa para comprender y navegar un mundo en constante evoluci\u00f3n. Por eso, nos dedicamos a explorar los avances que est\u00e1n moldeando nuestra vida digital, desde innovaciones tecnol\u00f3gicas hasta transformaciones sociales y cambios en el panorama financiero global. Nuestra misi\u00f3n Buscamos ofrecer una visi\u00f3n clara, [&hellip;]","og_url":"https:\/\/breakingnewsfront.com\/es_d\/nosotros\/","og_site_name":"breakingnewsfront","article_modified_time":"2025-11-22T12:13:42+00:00","twitter_card":"summary_large_image","twitter_misc":{"Est. reading time":"1 minuto"},"schema":{"@context":"https:\/\/schema.org","@graph":[{"@type":"WebPage","@id":"http:\/\/breakingnewsfront.com\/nosotros\/","url":"http:\/\/breakingnewsfront.com\/nosotros\/","name":"Nosotros - breakingnewsfront","isPartOf":{"@id":"https:\/\/breakingnewsfront.com\/#website"},"datePublished":"2023-12-16T03:17:05+00:00","dateModified":"2025-11-22T12:13:42+00:00","breadcrumb":{"@id":"http:\/\/breakingnewsfront.com\/nosotros\/#breadcrumb"},"inLanguage":"es","potentialAction":[{"@type":"ReadAction","target":["http:\/\/breakingnewsfront.com\/nosotros\/"]}]},{"@type":"BreadcrumbList","@id":"http:\/\/breakingnewsfront.com\/nosotros\/#breadcrumb","itemListElement":[{"@type":"ListItem","position":1,"name":"Home","item":"https:\/\/breakingnewsfront.com\/"},{"@type":"ListItem","position":2,"name":"Nosotros"}]},{"@type":"WebSite","@id":"https:\/\/breakingnewsfront.com\/#website","url":"https:\/\/breakingnewsfront.com\/","name":"breakingnewsfront","description":"","publisher":{"@id":"https:\/\/breakingnewsfront.com\/#organization"},"potentialAction":[{"@type":"SearchAction","target":{"@type":"EntryPoint","urlTemplate":"https:\/\/breakingnewsfront.com\/?s={search_term_string}"},"query-input":"required name=search_term_string"}],"inLanguage":"es"},{"@type":"Organization","@id":"https:\/\/breakingnewsfront.com\/#organization","name":"breakingnewsfront","url":"https:\/\/breakingnewsfront.com\/","logo":{"@type":"ImageObject","inLanguage":"es","@id":"https:\/\/breakingnewsfront.com\/#\/schema\/logo\/image\/","url":"https:\/\/breakingnewsfront.com\/wp-content\/uploads\/sites\/98\/2024\/05\/cropped-cropped-BREAKING-NEWS-FRONT-1-2.png","contentUrl":"https:\/\/breakingnewsfront.com\/wp-content\/uploads\/sites\/98\/2024\/05\/cropped-cropped-BREAKING-NEWS-FRONT-1-2.png","width":512,"height":512,"caption":"breakingnewsfront"},"image":{"@id":"https:\/\/breakingnewsfront.com\/#\/schema\/logo\/image\/"}}]}},"_links":{"self":[{"href":"https:\/\/breakingnewsfront.com\/es_d\/wp-json\/wp\/v2\/pages\/104"}],"collection":[{"href":"https:\/\/breakingnewsfront.com\/es_d\/wp-json\/wp\/v2\/pages"}],"about":[{"href":"https:\/\/breakingnewsfront.com\/es_d\/wp-json\/wp\/v2\/types\/page"}],"author":[{"embeddable":true,"href":"https:\/\/breakingnewsfront.com\/es_d\/wp-json\/wp\/v2\/users\/76"}],"replies":[{"embeddable":true,"href":"https:\/\/breakingnewsfront.com\/es_d\/wp-json\/wp\/v2\/comments?post=104"}],"version-history":[{"count":3,"href":"https:\/\/breakingnewsfront.com\/es_d\/wp-json\/wp\/v2\/pages\/104\/revisions"}],"predecessor-version":[{"id":3623,"href":"https:\/\/breakingnewsfront.com\/es_d\/wp-json\/wp\/v2\/pages\/104\/revisions\/3623"}],"wp:attachment":[{"href":"https:\/\/breakingnewsfront.com\/es_d\/wp-json\/wp\/v2\/media?parent=104"}],"curies":[{"name":"wp","href":"https:\/\/api.w.org\/{rel}","templated":true}]}}