    {"id":102,"date":"2023-12-16T03:15:48","date_gmt":"2023-12-16T03:15:48","guid":{"rendered":"https:\/\/breakingnewsfront.com\/?page_id=102"},"modified":"2025-11-24T18:45:55","modified_gmt":"2025-11-24T18:45:55","slug":"privacy-policy","status":"publish","type":"page","link":"https:\/\/breakingnewsfront.com\/es\/privacy-policy\/","title":{"rendered":"Pol\u00edtica de Privacidad"},"content":{"rendered":"<p>Tu privacidad es importante para nosotros. Es politica de <strong>Noticias de \u00faltima hora<\/strong> respetar tu privacidad con respecto a cualquier informaci\u00f3n que podamos recopilar de ti en nuestro sitio web, <strong>Noticias de \u00faltima hora<\/strong>, y en otros sitios que poseemos y operamos.<\/p>\n\n\n\n<p>Solo solicitamos informaci\u00f3n personal cuando realmente la necesitamos para brindarte un servicio. La recopilamos por medios justos y legales, con tu conocimiento y consentimiento. Tambi\u00e9n te informamos por qu\u00e9 la recopilamos y c\u00f3mo se utilizar\u00e1.<\/p>\n\n\n\n<p>Solo conservamos la informaci\u00f3n recopilada durante el tiempo necesario para proporcionarte el servicio solicitado. Lo que almacenamos, lo protegemos por medios comercialmente aceptables para evitar p\u00e9rdida, robo, acceso no autorizado, divulgaci\u00f3n, copia, uso o modificaci\u00f3n.<\/p>\n\n\n\n<p>No compartimos ninguna informaci\u00f3n de identificaci\u00f3n personal p\u00fablicamente ni con terceros, excepto cuando as\u00ed lo exija la ley.<\/p>\n\n\n\n<p>Nuestro sitio web puede contener enlaces a sitios externos que no son operados por nosotros. Ten en cuenta que no tenemos control sobre el contenido y las pr\u00e1cticas de esos sitios, y no podemos aceptar responsabilidad por sus respectivas pol\u00edticas de privacidad.<\/p>\n\n\n\n<p>Eres libre de rechazar nuestra solicitud de informaci\u00f3n personal, entendiendo que es posible que no podamos recomendarte algunos de los servicios deseados.<\/p>\n\n\n\n<p>Tu uso continuado de nuestro sitio web se considera como aceptaci\u00f3n de nuestras pr\u00e1cticas sobre privacidad e informaci\u00f3n personal. Si tienes alguna pregunta sobre c\u00f3mo manejamos los datos y la informaci\u00f3n personal de los usuarios, no dudes en contactarnos.<\/p>\n\n\n\n<h2 class=\"wp-block-heading\"><strong>Pol\u00edtica de Cookies de noticias de \u00faltima hora<\/strong><\/h2>\n\n\n\n<p>Esta es la Pol\u00edtica de Cookies de <strong>Noticias de \u00faltima hora<\/strong>, accesible desde [URL].<\/p>\n\n\n\n<h3 class=\"wp-block-heading\"><strong>\u00bfQu\u00e9 son las Cookies?<\/strong><\/h3>\n\n\n\n<p>Como es pr\u00e1ctica com\u00fan en casi todos los sitios web profesionales, este sitio utiliza cookies, que son peque\u00f1os archivos descargados en tu computadora para mejorar tu experiencia.<br>Esta p\u00e1gina describe qu\u00e9 informaci\u00f3n recopilan, c\u00f3mo la usamos y por qu\u00e9 a veces necesitamos almacenar estas cookies. Tambi\u00e9n compartiremos c\u00f3mo puedes evitar que se almacenen, aunque esto podr\u00eda afectar o \u201cromper\u201d ciertas funcionalidades del sitio.<\/p>\n\n\n\n<h3 class=\"wp-block-heading\"><strong>C\u00f3mo Usamos las Cookies<\/strong><\/h3>\n\n\n\n<p>Usamos cookies por varias razones detalladas a continuaci\u00f3n.<br>Lamentablemente, en la mayor\u00eda de los casos no existen opciones est\u00e1ndar de la industria para deshabilitarlas sin afectar completamente la funcionalidad y caracter\u00edsticas que a\u00f1aden al sitio.<br>Por ello, se recomienda dejar activadas todas las cookies si no est\u00e1s seguro de necesitarlas, en caso de que se utilicen para proporcionarte un servicio que uses.<\/p>\n\n\n\n<h3 class=\"wp-block-heading\"><strong>Deshabilitar cookies<\/strong><\/h3>\n\n\n\n<p>Puedes evitar la instalaci\u00f3n de cookies ajustando la configuraci\u00f3n de tu navegador (consulta la Ayuda de tu navegador para saber c\u00f3mo hacerlo).<br>Ten en cuenta que deshabilitar las cookies afectar\u00e1 la funcionalidad de este y muchos otros sitios web que visitas.<br>Deshabilitarlas puede causar que ciertas funciones no funcionen correctamente. Por eso, se recomienda no deshabilitarlas.<\/p>\n\n\n\n<h3 class=\"wp-block-heading\"><strong>Cookies que Instalamos<\/strong><\/h3>\n\n\n\n<p><strong>Cookies relacionadas con cuentas:<\/strong><br>Si creas una cuenta con nosotros, utilizamos cookies para gestionar el proceso de registro y la administraci\u00f3n general. Estas cookies normalmente se eliminan al cerrar sesi\u00f3n, pero en algunos casos pueden permanecer para recordar tus preferencias.<\/p>\n\n\n\n<p><strong>Cookies de inicio de sesi\u00f3n:<\/strong><br>Usamos cookies cuando inicias sesi\u00f3n para recordar que lo has hecho, evitando que debas hacerlo cada vez que visites una nueva p\u00e1gina.<br>Estas cookies se eliminan al cerrar sesi\u00f3n.<\/p>\n\n\n\n<p><strong>Cookies de boletines electr\u00f3nicos:<\/strong><br>Este sitio ofrece servicios de suscripci\u00f3n por correo electr\u00f3nico y puede usar cookies para recordar si ya est\u00e1s registrado y mostrar notificaciones relevantes.<\/p>\n\n\n\n<p><strong>Cookies de procesamiento de pedidos:<\/strong><br>Si el sitio ofrece comercio electr\u00f3nico o pagos, algunas cookies son esenciales para recordar tus pedidos entre p\u00e1ginas y procesarlos correctamente.<\/p>\n\n\n\n<p><strong>Cookies de encuestas:<\/strong><br>Ocasionalmente realizamos encuestas o cuestionarios para recomendar herramientas o conocer mejor a nuestros usuarios. Estas cookies pueden recordar qui\u00e9n ya ha participado.<\/p>\n\n\n\n<p><strong>Cookies de formularios:<\/strong><br>Cuando env\u00edas datos a trav\u00e9s de un formulario (por ejemplo, en p\u00e1ginas de contacto o comentarios), se pueden configurar cookies para recordar tus datos de usuario para futuras comunicaciones.<\/p>\n\n\n\n<p><strong>Cookies de preferencias del sitio:<\/strong><br>Para ofrecerte una mejor experiencia, almacenamos tus preferencias de uso del sitio mediante cookies, de forma que esta informaci\u00f3n pueda recuperarse cada vez que interact\u00faes con el sitio.<\/p>\n\n\n\n<h3 class=\"wp-block-heading\"><strong>Cookies de Terceros<\/strong><\/h3>\n\n\n\n<p>En algunos casos especiales, tambi\u00e9n utilizamos cookies de terceros de confianza.<\/p>\n\n\n\n<p><strong>Google Analytics:<\/strong><br>Este sitio utiliza Google Analytics, una de las soluciones de an\u00e1lisis m\u00e1s extendidas y confiables del mundo, para ayudarnos a comprender c\u00f3mo usas el sitio y c\u00f3mo mejorar tu experiencia.<br>Estas cookies pueden rastrear aspectos como el tiempo que pasa en el sitio y las p\u00e1ginas que visitas.<br>Para m\u00e1s informaci\u00f3n sobre las cookies de Google Analytics, visita la p\u00e1gina oficial de Google Analytics.<\/p>\n\n\n\n<p><strong>Pruebas y mejoras:<\/strong><br>De vez en cuando probamos nuevas funciones y realizamos cambios en la forma en que se entrega el sitio.<br>Durante estas pruebas, las cookies pueden garantizar que recibas una experiencia coherente mientras entendemos qu\u00e9 optimizaciones prefieren los usuarios.<\/p>\n\n\n\n<p><strong>Cookies de compra:<\/strong><br>Como vendemos productos, es importante entender estad\u00edsticas sobre cu\u00e1ntos visitantes realizan compras.<br>Estos datos nos ayudan a hacer predicciones comerciales ya optimizar costos de publicidad y precios.<\/p>\n\n\n\n<p><strong>Botones y complementos de redes sociales:<\/strong><br>Usamos botones o complementos que te permiten conectarte con tu red social de diversas maneras.<br>Estas redes, como, pueden instalar cookies a trav\u00e9s de nuestro sitio para mejorar tu perfil o usar los datos con fines descritos en sus propias pol\u00edticas de privacidad.<\/p>\n\n\n\n<h3 class=\"wp-block-heading\"><strong>Publicidad (Google AdSense) y tus opciones<\/strong><\/h3>\n\n\n\n<p>Este sitio utiliza <strong>Google AdSense<\/strong> para mostrar anuncios.<br>Google y sus socios pueden usar cookies u otras tecnolog\u00edas para ofrecer, medir y personalizar anuncios basados en sus visitas a este y otros sitios web.<\/p>\n\n\n\n<p>Para saber c\u00f3mo Google usa los datos de los sitios y aplicaciones que utilizan sus servicios, visita:<br>\ud83d\udc49 <a href=\"https:\/\/policies.google.com\/technologies\/partner-sites\">https:\/\/policies.google.com\/technologies\/partner-sites<\/a><\/p>\n\n\n\n<p><strong>C\u00f3mo optar por no recibir anuncios personalizados:<\/strong><br>Puedes desactivar la publicidad personalizada de Google visitando <a href=\"https:\/\/myadcenter.google.com\/personalizationoff?sasb=true&amp;ref=ad-settings\"><strong>Configuraci\u00f3n de Anuncios (Mi Centro de Anuncios)<\/strong>.<\/a><br>Tambi\u00e9n puedes optar por no recibir anuncios basados en intereses de otros proveedores en<a href=\"https:\/\/optout.aboutads.info\/\"> <strong>AboutAds.info\/choices<\/strong>.<\/a><\/p>\n\n\n\n<p>Nota: Incluso si optas por no recibir anuncios personalizados, seguir\u00e1s viendo anuncios, pero ser\u00e1n menos relevantes.<\/p>\n\n\n\n<h3 class=\"wp-block-heading\"><strong>M\u00e1s informaci\u00f3n<\/strong><\/h3>\n\n\n\n<p>Esperamos que esta explicaci\u00f3n haya sido clara. Como mencionamos anteriormente, si no est\u00e1s seguro de necesitar cookies o no, es m\u00e1s seguro dejarlas activadas para garantizar la funcionalidad completa del sitio.<\/p>\n\n\n\n<p><strong>Esta pol\u00edtica es efectiva desde octubre de 2025.<\/strong><\/p>","protected":false},"excerpt":{"rendered":"<p>Tu privacidad es importante para nosotros. Es pol\u00edtica de breakingnewsfront respetar tu privacidad con respecto a cualquier informaci\u00f3n que podamos recopilar de ti en nuestro sitio web, breakingnewsfront, y en otros sitios que poseemos y operamos. Solo solicitamos informaci\u00f3n personal cuando realmente la necesitamos para brindarte un servicio. La recopilamos por medios justos y legales, [&hellip;]<\/p>","protected":false},"author":50,"featured_media":0,"parent":0,"menu_order":0,"comment_status":"closed","ping_status":"closed","template":"","meta":{"footnotes":""},"yoast_head":"<!-- This site is optimized with the Yoast SEO Premium plugin v18.7 (Yoast SEO v23.3) - https:\/\/yoast.com\/wordpress\/plugins\/seo\/ -->\n<title>Pol\u00edtica de Privacidad - breakingnewsfront<\/title>\n<meta name=\"robots\" content=\"index, follow, max-snippet:-1, max-image-preview:large, max-video-preview:-1\" \/>\n<link rel=\"canonical\" href=\"https:\/\/breakingnewsfront.com\/es\/privacy-policy\/\" \/>\n<meta property=\"og:locale\" content=\"es_MX\" \/>\n<meta property=\"og:type\" content=\"article\" \/>\n<meta property=\"og:title\" content=\"Pol\u00edtica de Privacidad\" \/>\n<meta property=\"og:description\" content=\"Tu privacidad es importante para nosotros. Es pol\u00edtica de breakingnewsfront respetar tu privacidad con respecto a cualquier informaci\u00f3n que podamos recopilar de ti en nuestro sitio web, breakingnewsfront, y en otros sitios que poseemos y operamos. Solo solicitamos informaci\u00f3n personal cuando realmente la necesitamos para brindarte un servicio. La recopilamos por medios justos y legales, [&hellip;]\" \/>\n<meta property=\"og:url\" content=\"https:\/\/breakingnewsfront.com\/es\/privacy-policy\/\" \/>\n<meta property=\"og:site_name\" content=\"breakingnewsfront\" \/>\n<meta property=\"article:modified_time\" content=\"2025-11-24T18:45:55+00:00\" \/>\n<meta name=\"twitter:card\" content=\"summary_large_image\" \/>\n<meta name=\"twitter:label1\" content=\"Est. reading time\" \/>\n\t<meta name=\"twitter:data1\" content=\"5 minutos\" \/>\n<script type=\"application\/ld+json\" class=\"yoast-schema-graph\">{\"@context\":\"https:\/\/schema.org\",\"@graph\":[{\"@type\":\"WebPage\",\"@id\":\"https:\/\/breakingnewsfront.com\/es\/privacy-policy\/\",\"url\":\"https:\/\/breakingnewsfront.com\/es\/privacy-policy\/\",\"name\":\"Pol\u00edtica de Privacidad - breakingnewsfront\",\"isPartOf\":{\"@id\":\"https:\/\/breakingnewsfront.com\/#website\"},\"datePublished\":\"2023-12-16T03:15:48+00:00\",\"dateModified\":\"2025-11-24T18:45:55+00:00\",\"breadcrumb\":{\"@id\":\"https:\/\/breakingnewsfront.com\/es\/privacy-policy\/#breadcrumb\"},\"inLanguage\":\"es-MX\",\"potentialAction\":[{\"@type\":\"ReadAction\",\"target\":[\"https:\/\/breakingnewsfront.com\/es\/privacy-policy\/\"]}]},{\"@type\":\"BreadcrumbList\",\"@id\":\"https:\/\/breakingnewsfront.com\/es\/privacy-policy\/#breadcrumb\",\"itemListElement\":[{\"@type\":\"ListItem\",\"position\":1,\"name\":\"Home\",\"item\":\"https:\/\/breakingnewsfront.com\/\"},{\"@type\":\"ListItem\",\"position\":2,\"name\":\"Pol\u00edtica de Privacidad\"}]},{\"@type\":\"WebSite\",\"@id\":\"https:\/\/breakingnewsfront.com\/#website\",\"url\":\"https:\/\/breakingnewsfront.com\/\",\"name\":\"breakingnewsfront\",\"description\":\"\",\"publisher\":{\"@id\":\"https:\/\/breakingnewsfront.com\/#organization\"},\"potentialAction\":[{\"@type\":\"SearchAction\",\"target\":{\"@type\":\"EntryPoint\",\"urlTemplate\":\"https:\/\/breakingnewsfront.com\/?s={search_term_string}\"},\"query-input\":\"required name=search_term_string\"}],\"inLanguage\":\"es-MX\"},{\"@type\":\"Organization\",\"@id\":\"https:\/\/breakingnewsfront.com\/#organization\",\"name\":\"breakingnewsfront\",\"url\":\"https:\/\/breakingnewsfront.com\/\",\"logo\":{\"@type\":\"ImageObject\",\"inLanguage\":\"es-MX\",\"@id\":\"https:\/\/breakingnewsfront.com\/#\/schema\/logo\/image\/\",\"url\":\"https:\/\/breakingnewsfront.com\/wp-content\/uploads\/sites\/98\/2024\/05\/cropped-cropped-BREAKING-NEWS-FRONT-1-2.png\",\"contentUrl\":\"https:\/\/breakingnewsfront.com\/wp-content\/uploads\/sites\/98\/2024\/05\/cropped-cropped-BREAKING-NEWS-FRONT-1-2.png\",\"width\":512,\"height\":512,\"caption\":\"breakingnewsfront\"},\"image\":{\"@id\":\"https:\/\/breakingnewsfront.com\/#\/schema\/logo\/image\/\"}}]}<\/script>\n<!-- \/ Yoast SEO Premium plugin. -->","yoast_head_json":{"title":"Pol\u00edtica de Privacidad - breakingnewsfront","robots":{"index":"index","follow":"follow","max-snippet":"max-snippet:-1","max-image-preview":"max-image-preview:large","max-video-preview":"max-video-preview:-1"},"canonical":"https:\/\/breakingnewsfront.com\/es\/privacy-policy\/","og_locale":"es_MX","og_type":"article","og_title":"Pol\u00edtica de Privacidad","og_description":"Tu privacidad es importante para nosotros. Es pol\u00edtica de breakingnewsfront respetar tu privacidad con respecto a cualquier informaci\u00f3n que podamos recopilar de ti en nuestro sitio web, breakingnewsfront, y en otros sitios que poseemos y operamos. Solo solicitamos informaci\u00f3n personal cuando realmente la necesitamos para brindarte un servicio. La recopilamos por medios justos y legales, [&hellip;]","og_url":"https:\/\/breakingnewsfront.com\/es\/privacy-policy\/","og_site_name":"breakingnewsfront","article_modified_time":"2025-11-24T18:45:55+00:00","twitter_card":"summary_large_image","twitter_misc":{"Est. reading time":"5 minutos"},"schema":{"@context":"https:\/\/schema.org","@graph":[{"@type":"WebPage","@id":"https:\/\/breakingnewsfront.com\/es\/privacy-policy\/","url":"https:\/\/breakingnewsfront.com\/es\/privacy-policy\/","name":"Pol\u00edtica de Privacidad - breakingnewsfront","isPartOf":{"@id":"https:\/\/breakingnewsfront.com\/#website"},"datePublished":"2023-12-16T03:15:48+00:00","dateModified":"2025-11-24T18:45:55+00:00","breadcrumb":{"@id":"https:\/\/breakingnewsfront.com\/es\/privacy-policy\/#breadcrumb"},"inLanguage":"es-MX","potentialAction":[{"@type":"ReadAction","target":["https:\/\/breakingnewsfront.com\/es\/privacy-policy\/"]}]},{"@type":"BreadcrumbList","@id":"https:\/\/breakingnewsfront.com\/es\/privacy-policy\/#breadcrumb","itemListElement":[{"@type":"ListItem","position":1,"name":"Home","item":"https:\/\/breakingnewsfront.com\/"},{"@type":"ListItem","position":2,"name":"Pol\u00edtica de Privacidad"}]},{"@type":"WebSite","@id":"https:\/\/breakingnewsfront.com\/#website","url":"https:\/\/breakingnewsfront.com\/","name":"breakingnewsfront","description":"","publisher":{"@id":"https:\/\/breakingnewsfront.com\/#organization"},"potentialAction":[{"@type":"SearchAction","target":{"@type":"EntryPoint","urlTemplate":"https:\/\/breakingnewsfront.com\/?s={search_term_string}"},"query-input":"required name=search_term_string"}],"inLanguage":"es-MX"},{"@type":"Organization","@id":"https:\/\/breakingnewsfront.com\/#organization","name":"breakingnewsfront","url":"https:\/\/breakingnewsfront.com\/","logo":{"@type":"ImageObject","inLanguage":"es-MX","@id":"https:\/\/breakingnewsfront.com\/#\/schema\/logo\/image\/","url":"https:\/\/breakingnewsfront.com\/wp-content\/uploads\/sites\/98\/2024\/05\/cropped-cropped-BREAKING-NEWS-FRONT-1-2.png","contentUrl":"https:\/\/breakingnewsfront.com\/wp-content\/uploads\/sites\/98\/2024\/05\/cropped-cropped-BREAKING-NEWS-FRONT-1-2.png","width":512,"height":512,"caption":"breakingnewsfront"},"image":{"@id":"https:\/\/breakingnewsfront.com\/#\/schema\/logo\/image\/"}}]}},"_links":{"self":[{"href":"https:\/\/breakingnewsfront.com\/es\/wp-json\/wp\/v2\/pages\/102"}],"collection":[{"href":"https:\/\/breakingnewsfront.com\/es\/wp-json\/wp\/v2\/pages"}],"about":[{"href":"https:\/\/breakingnewsfront.com\/es\/wp-json\/wp\/v2\/types\/page"}],"author":[{"embeddable":true,"href":"https:\/\/breakingnewsfront.com\/es\/wp-json\/wp\/v2\/users\/50"}],"replies":[{"embeddable":true,"href":"https:\/\/breakingnewsfront.com\/es\/wp-json\/wp\/v2\/comments?post=102"}],"version-history":[{"count":4,"href":"https:\/\/breakingnewsfront.com\/es\/wp-json\/wp\/v2\/pages\/102\/revisions"}],"predecessor-version":[{"id":3626,"href":"https:\/\/breakingnewsfront.com\/es\/wp-json\/wp\/v2\/pages\/102\/revisions\/3626"}],"wp:attachment":[{"href":"https:\/\/breakingnewsfront.com\/es\/wp-json\/wp\/v2\/media?parent=102"}],"curies":[{"name":"wp","href":"https:\/\/api.w.org\/{rel}","templated":true}]}}