    {"id":108,"date":"2023-12-16T03:19:47","date_gmt":"2023-12-16T03:19:47","guid":{"rendered":"https:\/\/breakingnewsfront.com\/?page_id=108"},"modified":"2025-11-24T18:45:13","modified_gmt":"2025-11-24T18:45:13","slug":"contacto","status":"publish","type":"page","link":"http:\/\/breakingnewsfront.com\/pt\/contacto\/","title":{"rendered":"Contato"},"content":{"rendered":"<p>Obrigado por visitar BreakingNewsFront, sua fonte favorita de sabedoria sobre a cria\u00e7\u00e3o. Agradecemos suas perguntas, coment\u00e1rios e solicitudes. Ningu\u00e9m deve entrar em contato conosco usando os seguintes dados de contato, dependendo de suas necessidades espec\u00edficas:<\/p>\n\n\n\n<h3 class=\"wp-block-heading\">Preguntas Generales:<\/h3>\n\n\n\n<p>Para perguntas gerais ou informa\u00e7\u00f5es sobre BreakingNewsFront, entre em contato com contato@breakingnewsfront.com. Agradecemos sua aten\u00e7\u00e3o e teremos nosso melhor esfor\u00e7o para responder o mais r\u00e1pido poss\u00edvel.<\/p>\n\n\n\n<h3 class=\"wp-block-heading\">Assuntos substantivos:<\/h3>\n\n\n\n<p>Se voc\u00ea tiver d\u00favidas sobre nosso conte\u00fado ou desejar contribuir, por favor contate-nos em contato@breakingnewsfront.com. Valoramos suas opini\u00f5es e contribui\u00e7\u00f5es para a comunidade.<\/p>\n\n\n\n<h3 class=\"wp-block-heading\">Assist\u00eancia T\u00e9cnica:<\/h3>\n\n\n\n<p>Se voc\u00ea estiver experimentando problemas t\u00e9cnicos enquanto navega em nosso site, entre em contato com nossa equipe de suporte em contato@breakingnewsfront.com. Estamos aqui para ajudar e garantir uma experi\u00eancia on-line fluida.<\/p>\n\n\n\n<h3 class=\"wp-block-heading\">Visite-nos:<\/h3>\n\n\n\n<p>BreakingNewsFront \u00e9 um espa\u00e7o virtual, mas sua participa\u00e7\u00e3o e coment\u00e1rios o convertem em uma comunidade vibrante. Embora n\u00e3o tenhamos uma localiza\u00e7\u00e3o f\u00edsica para visitar, sempre estamos on-line para voc\u00ea.<\/p>\n\n\n\n<p>Obrigado por fazer parte da comunidade de BreakingNewsFront. Esperamos saber de voc\u00ea e seguir em sua jornada de cria\u00e7\u00e3o.<\/p>\n\n\n\n<p>Sauda\u00e7\u00f5es,<br>Equipe de BreakingNewsFront<\/p>","protected":false},"excerpt":{"rendered":"<p>Gracias por visitar BreakingNewsFront, tu fuente favorita de sabidur\u00eda sobre la crianza. Agradecemos tus preguntas, comentarios y solicitudes. No dudes en ponerte en contacto con nosotros utilizando los siguientes datos de contacto, dependiendo de tus necesidades espec\u00edficas: Preguntas Generales: Para preguntas generales o informaci\u00f3n sobre BreakingNewsFront, cont\u00e1ctanos en contato@breakingnewsfront.com. Agradecemos tu atenci\u00f3n y haremos nuestro [&hellip;]<\/p>","protected":false},"author":76,"featured_media":0,"parent":0,"menu_order":0,"comment_status":"closed","ping_status":"closed","template":"","meta":{"footnotes":""},"yoast_head":"<!-- This site is optimized with the Yoast SEO Premium plugin v18.7 (Yoast SEO v23.3) - https:\/\/yoast.com\/wordpress\/plugins\/seo\/ -->\n<title>Contacto - breakingnewsfront<\/title>\n<meta name=\"robots\" content=\"index, follow, max-snippet:-1, max-image-preview:large, max-video-preview:-1\" \/>\n<link rel=\"canonical\" href=\"http:\/\/breakingnewsfront.com\/pt\/contacto\/\" \/>\n<meta property=\"og:locale\" content=\"pt_BR\" \/>\n<meta property=\"og:type\" content=\"article\" \/>\n<meta property=\"og:title\" content=\"Contacto\" \/>\n<meta property=\"og:description\" content=\"Gracias por visitar BreakingNewsFront, tu fuente favorita de sabidur\u00eda sobre la crianza. Agradecemos tus preguntas, comentarios y solicitudes. No dudes en ponerte en contacto con nosotros utilizando los siguientes datos de contacto, dependiendo de tus necesidades espec\u00edficas: Preguntas Generales: Para preguntas generales o informaci\u00f3n sobre BreakingNewsFront, cont\u00e1ctanos en contato@breakingnewsfront.com. Agradecemos tu atenci\u00f3n y haremos nuestro [&hellip;]\" \/>\n<meta property=\"og:url\" content=\"http:\/\/breakingnewsfront.com\/pt\/contacto\/\" \/>\n<meta property=\"og:site_name\" content=\"breakingnewsfront\" \/>\n<meta property=\"article:modified_time\" content=\"2025-11-24T18:45:13+00:00\" \/>\n<meta name=\"twitter:card\" content=\"summary_large_image\" \/>\n<meta name=\"twitter:label1\" content=\"Est. reading time\" \/>\n\t<meta name=\"twitter:data1\" content=\"1 minuto\" \/>\n<script type=\"application\/ld+json\" class=\"yoast-schema-graph\">{\"@context\":\"https:\/\/schema.org\",\"@graph\":[{\"@type\":\"WebPage\",\"@id\":\"http:\/\/breakingnewsfront.com\/es\/contacto\/\",\"url\":\"http:\/\/breakingnewsfront.com\/es\/contacto\/\",\"name\":\"Contacto - breakingnewsfront\",\"isPartOf\":{\"@id\":\"https:\/\/breakingnewsfront.com\/#website\"},\"datePublished\":\"2023-12-16T03:19:47+00:00\",\"dateModified\":\"2025-11-24T18:45:13+00:00\",\"breadcrumb\":{\"@id\":\"http:\/\/breakingnewsfront.com\/es\/contacto\/#breadcrumb\"},\"inLanguage\":\"pt-BR\",\"potentialAction\":[{\"@type\":\"ReadAction\",\"target\":[\"http:\/\/breakingnewsfront.com\/es\/contacto\/\"]}]},{\"@type\":\"BreadcrumbList\",\"@id\":\"http:\/\/breakingnewsfront.com\/es\/contacto\/#breadcrumb\",\"itemListElement\":[{\"@type\":\"ListItem\",\"position\":1,\"name\":\"Home\",\"item\":\"https:\/\/breakingnewsfront.com\/\"},{\"@type\":\"ListItem\",\"position\":2,\"name\":\"Contacto\"}]},{\"@type\":\"WebSite\",\"@id\":\"https:\/\/breakingnewsfront.com\/#website\",\"url\":\"https:\/\/breakingnewsfront.com\/\",\"name\":\"breakingnewsfront\",\"description\":\"\",\"publisher\":{\"@id\":\"https:\/\/breakingnewsfront.com\/#organization\"},\"potentialAction\":[{\"@type\":\"SearchAction\",\"target\":{\"@type\":\"EntryPoint\",\"urlTemplate\":\"https:\/\/breakingnewsfront.com\/?s={search_term_string}\"},\"query-input\":\"required name=search_term_string\"}],\"inLanguage\":\"pt-BR\"},{\"@type\":\"Organization\",\"@id\":\"https:\/\/breakingnewsfront.com\/#organization\",\"name\":\"breakingnewsfront\",\"url\":\"https:\/\/breakingnewsfront.com\/\",\"logo\":{\"@type\":\"ImageObject\",\"inLanguage\":\"pt-BR\",\"@id\":\"https:\/\/breakingnewsfront.com\/#\/schema\/logo\/image\/\",\"url\":\"http:\/\/breakingnewsfront.com\/wp-content\/uploads\/sites\/98\/2024\/05\/cropped-cropped-BREAKING-NEWS-FRONT-1-2.png\",\"contentUrl\":\"http:\/\/breakingnewsfront.com\/wp-content\/uploads\/sites\/98\/2024\/05\/cropped-cropped-BREAKING-NEWS-FRONT-1-2.png\",\"width\":512,\"height\":512,\"caption\":\"breakingnewsfront\"},\"image\":{\"@id\":\"https:\/\/breakingnewsfront.com\/#\/schema\/logo\/image\/\"}}]}<\/script>\n<!-- \/ Yoast SEO Premium plugin. -->","yoast_head_json":{"title":"Contacto - breakingnewsfront","robots":{"index":"index","follow":"follow","max-snippet":"max-snippet:-1","max-image-preview":"max-image-preview:large","max-video-preview":"max-video-preview:-1"},"canonical":"http:\/\/breakingnewsfront.com\/pt\/contacto\/","og_locale":"pt_BR","og_type":"article","og_title":"Contacto","og_description":"Gracias por visitar BreakingNewsFront, tu fuente favorita de sabidur\u00eda sobre la crianza. Agradecemos tus preguntas, comentarios y solicitudes. No dudes en ponerte en contacto con nosotros utilizando los siguientes datos de contacto, dependiendo de tus necesidades espec\u00edficas: Preguntas Generales: Para preguntas generales o informaci\u00f3n sobre BreakingNewsFront, cont\u00e1ctanos en contato@breakingnewsfront.com. Agradecemos tu atenci\u00f3n y haremos nuestro [&hellip;]","og_url":"http:\/\/breakingnewsfront.com\/pt\/contacto\/","og_site_name":"breakingnewsfront","article_modified_time":"2025-11-24T18:45:13+00:00","twitter_card":"summary_large_image","twitter_misc":{"Est. reading time":"1 minuto"},"schema":{"@context":"https:\/\/schema.org","@graph":[{"@type":"WebPage","@id":"http:\/\/breakingnewsfront.com\/es\/contacto\/","url":"http:\/\/breakingnewsfront.com\/es\/contacto\/","name":"Contacto - breakingnewsfront","isPartOf":{"@id":"https:\/\/breakingnewsfront.com\/#website"},"datePublished":"2023-12-16T03:19:47+00:00","dateModified":"2025-11-24T18:45:13+00:00","breadcrumb":{"@id":"http:\/\/breakingnewsfront.com\/es\/contacto\/#breadcrumb"},"inLanguage":"pt-BR","potentialAction":[{"@type":"ReadAction","target":["http:\/\/breakingnewsfront.com\/es\/contacto\/"]}]},{"@type":"BreadcrumbList","@id":"http:\/\/breakingnewsfront.com\/es\/contacto\/#breadcrumb","itemListElement":[{"@type":"ListItem","position":1,"name":"Home","item":"https:\/\/breakingnewsfront.com\/"},{"@type":"ListItem","position":2,"name":"Contacto"}]},{"@type":"WebSite","@id":"https:\/\/breakingnewsfront.com\/#website","url":"https:\/\/breakingnewsfront.com\/","name":"breakingnewsfront","description":"","publisher":{"@id":"https:\/\/breakingnewsfront.com\/#organization"},"potentialAction":[{"@type":"SearchAction","target":{"@type":"EntryPoint","urlTemplate":"https:\/\/breakingnewsfront.com\/?s={search_term_string}"},"query-input":"required name=search_term_string"}],"inLanguage":"pt-BR"},{"@type":"Organization","@id":"https:\/\/breakingnewsfront.com\/#organization","name":"breakingnewsfront","url":"https:\/\/breakingnewsfront.com\/","logo":{"@type":"ImageObject","inLanguage":"pt-BR","@id":"https:\/\/breakingnewsfront.com\/#\/schema\/logo\/image\/","url":"http:\/\/breakingnewsfront.com\/wp-content\/uploads\/sites\/98\/2024\/05\/cropped-cropped-BREAKING-NEWS-FRONT-1-2.png","contentUrl":"http:\/\/breakingnewsfront.com\/wp-content\/uploads\/sites\/98\/2024\/05\/cropped-cropped-BREAKING-NEWS-FRONT-1-2.png","width":512,"height":512,"caption":"breakingnewsfront"},"image":{"@id":"https:\/\/breakingnewsfront.com\/#\/schema\/logo\/image\/"}}]}},"_links":{"self":[{"href":"http:\/\/breakingnewsfront.com\/pt\/wp-json\/wp\/v2\/pages\/108"}],"collection":[{"href":"http:\/\/breakingnewsfront.com\/pt\/wp-json\/wp\/v2\/pages"}],"about":[{"href":"http:\/\/breakingnewsfront.com\/pt\/wp-json\/wp\/v2\/types\/page"}],"author":[{"embeddable":true,"href":"http:\/\/breakingnewsfront.com\/pt\/wp-json\/wp\/v2\/users\/76"}],"replies":[{"embeddable":true,"href":"http:\/\/breakingnewsfront.com\/pt\/wp-json\/wp\/v2\/comments?post=108"}],"version-history":[{"count":3,"href":"http:\/\/breakingnewsfront.com\/pt\/wp-json\/wp\/v2\/pages\/108\/revisions"}],"predecessor-version":[{"id":3625,"href":"http:\/\/breakingnewsfront.com\/pt\/wp-json\/wp\/v2\/pages\/108\/revisions\/3625"}],"wp:attachment":[{"href":"http:\/\/breakingnewsfront.com\/pt\/wp-json\/wp\/v2\/media?parent=108"}],"curies":[{"name":"wp","href":"https:\/\/api.w.org\/{rel}","templated":true}]}}