    {"id":104,"date":"2023-12-16T03:17:05","date_gmt":"2023-12-16T03:17:05","guid":{"rendered":"https:\/\/breakingnewsfront.com\/?page_id=104"},"modified":"2025-11-22T12:13:42","modified_gmt":"2025-11-22T12:13:42","slug":"nosotros","status":"publish","type":"page","link":"http:\/\/breakingnewsfront.com\/pt\/nosotros\/","title":{"rendered":"N\u00f3s"},"content":{"rendered":"<p>No Breaking News Front, acreditamos que a informa\u00e7\u00e3o \u00e9 uma ferramenta poderosa para compreender e navegar em um mundo em constante evolu\u00e7\u00e3o. Por isso, nos dedicamos a explorar os avan\u00e7os que est\u00e3o moldando nossa vida digital, desde inova\u00e7\u00f5es tecnol\u00f3gicas at\u00e9 transforma\u00e7\u00f5es sociais e mudan\u00e7as no panorama financeiro global.<\/p>\n\n\n\n<h2 class=\"wp-block-heading\"><strong>Nossa miss\u00e3o<\/strong><\/h2>\n\n\n\n<p>Buscamos oferecer uma vis\u00e3o clara, atualizada e \u00fatil sobre os temas que realmente influenciam a vida das pessoas. Analisamos como a tecnologia impacta a economia, como a seguran\u00e7a digital se torna essencial para todos e como as novas tend\u00eancias sociais est\u00e3o redefinindo a forma em que trabalhamos, nos comunicamos e tomamos decis\u00f5es.<\/p>\n\n\n\n<h2 class=\"wp-block-heading\"><strong>Lo que hacemos<\/strong><\/h2>\n\n\n\n<p>Nossa equipe investiga as novidades mais relevantes do mundo digital, financeiro e social, selecionando informa\u00e7\u00f5es precisas e acess\u00edveis para ajud\u00e1-lo a compreender melhor o ambiente que nos rodeia. Desde as descobertas tecnol\u00f3gicas e an\u00e1lises de ciberseguran\u00e7a at\u00e9 perspectivas econ\u00f4micas e reflex\u00f5es sobre a sociedade moderna, nos comprometemos a oferecer conte\u00fado que aporte valor real.<\/p>\n\n\n\n<h2 class=\"wp-block-heading\"><strong>Nosso compromisso<\/strong><\/h2>\n\n\n\n<p>Na Breaking News Front, aspiramos construir uma comunidade informada, curiosos e conscientes do impacto que as inova\u00e7\u00f5es ocorreram no dia a dia. Queremos acompanh\u00e1-lo na busca de conhecimento, brindar ferramentas que fortale\u00e7am seu crit\u00e9rio e ajudar a mant\u00ea-lo preparado diante das mudan\u00e7as que definiram a era atual.<\/p>","protected":false},"excerpt":{"rendered":"<p>En Breaking News Front, creemos que la informaci\u00f3n es una herramienta poderosa para comprender y navegar un mundo en constante evoluci\u00f3n. Por eso, nos dedicamos a explorar los avances que est\u00e1n moldeando nuestra vida digital, desde innovaciones tecnol\u00f3gicas hasta transformaciones sociales y cambios en el panorama financiero global. Nuestra misi\u00f3n Buscamos ofrecer una visi\u00f3n clara, [&hellip;]<\/p>","protected":false},"author":76,"featured_media":0,"parent":0,"menu_order":0,"comment_status":"closed","ping_status":"closed","template":"","meta":{"footnotes":""},"yoast_head":"<!-- This site is optimized with the Yoast SEO Premium plugin v18.7 (Yoast SEO v23.3) - https:\/\/yoast.com\/wordpress\/plugins\/seo\/ -->\n<title>Nosotros - breakingnewsfront<\/title>\n<meta name=\"robots\" content=\"index, follow, max-snippet:-1, max-image-preview:large, max-video-preview:-1\" \/>\n<link rel=\"canonical\" href=\"http:\/\/breakingnewsfront.com\/pt\/nosotros\/\" \/>\n<meta property=\"og:locale\" content=\"pt_BR\" \/>\n<meta property=\"og:type\" content=\"article\" \/>\n<meta property=\"og:title\" content=\"Nosotros\" \/>\n<meta property=\"og:description\" content=\"En Breaking News Front, creemos que la informaci\u00f3n es una herramienta poderosa para comprender y navegar un mundo en constante evoluci\u00f3n. Por eso, nos dedicamos a explorar los avances que est\u00e1n moldeando nuestra vida digital, desde innovaciones tecnol\u00f3gicas hasta transformaciones sociales y cambios en el panorama financiero global. Nuestra misi\u00f3n Buscamos ofrecer una visi\u00f3n clara, [&hellip;]\" \/>\n<meta property=\"og:url\" content=\"http:\/\/breakingnewsfront.com\/pt\/nosotros\/\" \/>\n<meta property=\"og:site_name\" content=\"breakingnewsfront\" \/>\n<meta property=\"article:modified_time\" content=\"2025-11-22T12:13:42+00:00\" \/>\n<meta name=\"twitter:card\" content=\"summary_large_image\" \/>\n<meta name=\"twitter:label1\" content=\"Est. reading time\" \/>\n\t<meta name=\"twitter:data1\" content=\"1 minuto\" \/>\n<script type=\"application\/ld+json\" class=\"yoast-schema-graph\">{\"@context\":\"https:\/\/schema.org\",\"@graph\":[{\"@type\":\"WebPage\",\"@id\":\"http:\/\/breakingnewsfront.com\/es\/nosotros\/\",\"url\":\"http:\/\/breakingnewsfront.com\/es\/nosotros\/\",\"name\":\"Nosotros - breakingnewsfront\",\"isPartOf\":{\"@id\":\"https:\/\/breakingnewsfront.com\/#website\"},\"datePublished\":\"2023-12-16T03:17:05+00:00\",\"dateModified\":\"2025-11-22T12:13:42+00:00\",\"breadcrumb\":{\"@id\":\"http:\/\/breakingnewsfront.com\/es\/nosotros\/#breadcrumb\"},\"inLanguage\":\"pt-BR\",\"potentialAction\":[{\"@type\":\"ReadAction\",\"target\":[\"http:\/\/breakingnewsfront.com\/es\/nosotros\/\"]}]},{\"@type\":\"BreadcrumbList\",\"@id\":\"http:\/\/breakingnewsfront.com\/es\/nosotros\/#breadcrumb\",\"itemListElement\":[{\"@type\":\"ListItem\",\"position\":1,\"name\":\"Home\",\"item\":\"https:\/\/breakingnewsfront.com\/\"},{\"@type\":\"ListItem\",\"position\":2,\"name\":\"Nosotros\"}]},{\"@type\":\"WebSite\",\"@id\":\"https:\/\/breakingnewsfront.com\/#website\",\"url\":\"https:\/\/breakingnewsfront.com\/\",\"name\":\"breakingnewsfront\",\"description\":\"\",\"publisher\":{\"@id\":\"https:\/\/breakingnewsfront.com\/#organization\"},\"potentialAction\":[{\"@type\":\"SearchAction\",\"target\":{\"@type\":\"EntryPoint\",\"urlTemplate\":\"https:\/\/breakingnewsfront.com\/?s={search_term_string}\"},\"query-input\":\"required name=search_term_string\"}],\"inLanguage\":\"pt-BR\"},{\"@type\":\"Organization\",\"@id\":\"https:\/\/breakingnewsfront.com\/#organization\",\"name\":\"breakingnewsfront\",\"url\":\"https:\/\/breakingnewsfront.com\/\",\"logo\":{\"@type\":\"ImageObject\",\"inLanguage\":\"pt-BR\",\"@id\":\"https:\/\/breakingnewsfront.com\/#\/schema\/logo\/image\/\",\"url\":\"http:\/\/breakingnewsfront.com\/wp-content\/uploads\/sites\/98\/2024\/05\/cropped-cropped-BREAKING-NEWS-FRONT-1-2.png\",\"contentUrl\":\"http:\/\/breakingnewsfront.com\/wp-content\/uploads\/sites\/98\/2024\/05\/cropped-cropped-BREAKING-NEWS-FRONT-1-2.png\",\"width\":512,\"height\":512,\"caption\":\"breakingnewsfront\"},\"image\":{\"@id\":\"https:\/\/breakingnewsfront.com\/#\/schema\/logo\/image\/\"}}]}<\/script>\n<!-- \/ Yoast SEO Premium plugin. -->","yoast_head_json":{"title":"Nosotros - breakingnewsfront","robots":{"index":"index","follow":"follow","max-snippet":"max-snippet:-1","max-image-preview":"max-image-preview:large","max-video-preview":"max-video-preview:-1"},"canonical":"http:\/\/breakingnewsfront.com\/pt\/nosotros\/","og_locale":"pt_BR","og_type":"article","og_title":"Nosotros","og_description":"En Breaking News Front, creemos que la informaci\u00f3n es una herramienta poderosa para comprender y navegar un mundo en constante evoluci\u00f3n. Por eso, nos dedicamos a explorar los avances que est\u00e1n moldeando nuestra vida digital, desde innovaciones tecnol\u00f3gicas hasta transformaciones sociales y cambios en el panorama financiero global. Nuestra misi\u00f3n Buscamos ofrecer una visi\u00f3n clara, [&hellip;]","og_url":"http:\/\/breakingnewsfront.com\/pt\/nosotros\/","og_site_name":"breakingnewsfront","article_modified_time":"2025-11-22T12:13:42+00:00","twitter_card":"summary_large_image","twitter_misc":{"Est. reading time":"1 minuto"},"schema":{"@context":"https:\/\/schema.org","@graph":[{"@type":"WebPage","@id":"http:\/\/breakingnewsfront.com\/es\/nosotros\/","url":"http:\/\/breakingnewsfront.com\/es\/nosotros\/","name":"Nosotros - breakingnewsfront","isPartOf":{"@id":"https:\/\/breakingnewsfront.com\/#website"},"datePublished":"2023-12-16T03:17:05+00:00","dateModified":"2025-11-22T12:13:42+00:00","breadcrumb":{"@id":"http:\/\/breakingnewsfront.com\/es\/nosotros\/#breadcrumb"},"inLanguage":"pt-BR","potentialAction":[{"@type":"ReadAction","target":["http:\/\/breakingnewsfront.com\/es\/nosotros\/"]}]},{"@type":"BreadcrumbList","@id":"http:\/\/breakingnewsfront.com\/es\/nosotros\/#breadcrumb","itemListElement":[{"@type":"ListItem","position":1,"name":"Home","item":"https:\/\/breakingnewsfront.com\/"},{"@type":"ListItem","position":2,"name":"Nosotros"}]},{"@type":"WebSite","@id":"https:\/\/breakingnewsfront.com\/#website","url":"https:\/\/breakingnewsfront.com\/","name":"breakingnewsfront","description":"","publisher":{"@id":"https:\/\/breakingnewsfront.com\/#organization"},"potentialAction":[{"@type":"SearchAction","target":{"@type":"EntryPoint","urlTemplate":"https:\/\/breakingnewsfront.com\/?s={search_term_string}"},"query-input":"required name=search_term_string"}],"inLanguage":"pt-BR"},{"@type":"Organization","@id":"https:\/\/breakingnewsfront.com\/#organization","name":"breakingnewsfront","url":"https:\/\/breakingnewsfront.com\/","logo":{"@type":"ImageObject","inLanguage":"pt-BR","@id":"https:\/\/breakingnewsfront.com\/#\/schema\/logo\/image\/","url":"http:\/\/breakingnewsfront.com\/wp-content\/uploads\/sites\/98\/2024\/05\/cropped-cropped-BREAKING-NEWS-FRONT-1-2.png","contentUrl":"http:\/\/breakingnewsfront.com\/wp-content\/uploads\/sites\/98\/2024\/05\/cropped-cropped-BREAKING-NEWS-FRONT-1-2.png","width":512,"height":512,"caption":"breakingnewsfront"},"image":{"@id":"https:\/\/breakingnewsfront.com\/#\/schema\/logo\/image\/"}}]}},"_links":{"self":[{"href":"http:\/\/breakingnewsfront.com\/pt\/wp-json\/wp\/v2\/pages\/104"}],"collection":[{"href":"http:\/\/breakingnewsfront.com\/pt\/wp-json\/wp\/v2\/pages"}],"about":[{"href":"http:\/\/breakingnewsfront.com\/pt\/wp-json\/wp\/v2\/types\/page"}],"author":[{"embeddable":true,"href":"http:\/\/breakingnewsfront.com\/pt\/wp-json\/wp\/v2\/users\/76"}],"replies":[{"embeddable":true,"href":"http:\/\/breakingnewsfront.com\/pt\/wp-json\/wp\/v2\/comments?post=104"}],"version-history":[{"count":3,"href":"http:\/\/breakingnewsfront.com\/pt\/wp-json\/wp\/v2\/pages\/104\/revisions"}],"predecessor-version":[{"id":3623,"href":"http:\/\/breakingnewsfront.com\/pt\/wp-json\/wp\/v2\/pages\/104\/revisions\/3623"}],"wp:attachment":[{"href":"http:\/\/breakingnewsfront.com\/pt\/wp-json\/wp\/v2\/media?parent=104"}],"curies":[{"name":"wp","href":"https:\/\/api.w.org\/{rel}","templated":true}]}}