    {"id":102,"date":"2023-12-16T03:15:48","date_gmt":"2023-12-16T03:15:48","guid":{"rendered":"https:\/\/breakingnewsfront.com\/?page_id=102"},"modified":"2025-11-24T18:45:55","modified_gmt":"2025-11-24T18:45:55","slug":"privacy-policy","status":"publish","type":"page","link":"http:\/\/breakingnewsfront.com\/pt\/privacy-policy\/","title":{"rendered":"Pol\u00edtica de Privacidade"},"content":{"rendered":"<p>Sua privacidade \u00e9 importante para n\u00f3s. \u00c9 pol\u00edtica de <strong>not\u00edcias de \u00faltima hora<\/strong> respeite sua privacidade com rela\u00e7\u00e3o a qualquer informa\u00e7\u00e3o que possamos coletar de voc\u00ea em nosso site, <strong>not\u00edcias de \u00faltima hora<\/strong>, e em outros locais que posamos e operamos.<\/p>\n\n\n\n<p>Somente solicitamos informa\u00e7\u00f5es pessoais quando realmente precisamos para oferecer um servi\u00e7o. La recompilamos por meios justos e legais, com seu conhecimento e consentimento. Tamb\u00e9m lhe informaremos como recopilar e como usar.<\/p>\n\n\n\n<p>Somente conservamos as informa\u00e7\u00f5es coletadas durante o tempo necess\u00e1rio para fornecer o servi\u00e7o solicitado. O que armazenamos, protegemos por meios comercialmente aceit\u00e1veis para evitar perda, roubo, acesso n\u00e3o autorizado, divulga\u00e7\u00e3o, c\u00f3pia, uso ou modifica\u00e7\u00e3o.<\/p>\n\n\n\n<p>N\u00e3o compartilhamos nenhuma informa\u00e7\u00e3o de identifica\u00e7\u00e3o pessoal publicamente ou com terceiros, exceto quando voc\u00ea exija a lei.<\/p>\n\n\n\n<p>Nosso site pode conter links para sites externos que n\u00e3o s\u00e3o contratados por n\u00f3s. Sabemos que n\u00e3o temos controle sobre o conte\u00fado e as pr\u00e1ticas desses locais e n\u00e3o podemos aceitar responsabilidade por suas respectivas pol\u00edticas de privacidade.<\/p>\n\n\n\n<p>Voc\u00ea \u00e9 livre para solicitar nossa solicita\u00e7\u00e3o de informa\u00e7\u00f5es pessoais, entendendo que \u00e9 poss\u00edvel que n\u00e3o possamos oferecer alguns dos servi\u00e7os desejados.<\/p>\n\n\n\n<p>Seu uso continuado de nosso site ser\u00e1 considerado como aceita\u00e7\u00e3o de nossas pr\u00e1ticas sobre privacidade e informa\u00e7\u00f5es pessoais. Se voc\u00ea tiver alguma d\u00favida sobre como manejamos os dados e as informa\u00e7\u00f5es pessoais dos usu\u00e1rios, nenhum cara nos contate.<\/p>\n\n\n\n<h2 class=\"wp-block-heading\"><strong>Pol\u00edtica de Cookies de Breaknewsfront<\/strong><\/h2>\n\n\n\n<p>Esta \u00e9 a Pol\u00edtica de Cookies de <strong>not\u00edcias de \u00faltima hora<\/strong>, acess\u00edvel a partir de [URL].<\/p>\n\n\n\n<h3 class=\"wp-block-heading\"><strong>O que s\u00e3o Cookies?<\/strong><\/h3>\n\n\n\n<p>Como \u00e9 pr\u00e1tico e comum em todos os sites profissionais da web, este site utiliza cookies, que s\u00e3o pequenos arquivos baixados em seu computador para melhorar sua experi\u00eancia.<br>Esta p\u00e1gina descreve quais informa\u00e7\u00f5es coletamos, como usamos e por que \u00e0s vezes precisamos armazenar esses cookies. Tamb\u00e9m compartilharemos como voc\u00ea pode evitar que se armazenem, embora isso possa afetar o \u201cromper\u201d ciertas funcionalidades do site.<\/p>\n\n\n\n<h3 class=\"wp-block-heading\"><strong>Como Usamos os Cookies<\/strong><\/h3>\n\n\n\n<p>Usamos cookies por v\u00e1rios motivos detalhados e continuados.<br>Lamentavelmente, na maioria dos casos, n\u00e3o existem op\u00e7\u00f5es padr\u00e3o da ind\u00fastria para desabilit\u00e1-las, sem afetar completamente a funcionalidade e caracter\u00edsticas que agregam ao local.<br>Por isso, recomendamos deixar todos os cookies ativados se voc\u00ea n\u00e3o tiver certeza de que eles ser\u00e3o necess\u00e1rios, caso sejam usados para fornecer um servi\u00e7o que voc\u00ea usa.<\/p>\n\n\n\n<h3 class=\"wp-block-heading\"><strong>Cookies Desabilitadores<\/strong><\/h3>\n\n\n\n<p>Voc\u00ea pode evitar a instala\u00e7\u00e3o de cookies ajustando a configura\u00e7\u00e3o do seu navegador (consulte a Ajuda do seu navegador para saber como faz\u00ea-lo).<br>Saiba que a desativa\u00e7\u00e3o de cookies afetar\u00e1 a funcionalidade deste e de muitos outros sites que voc\u00ea visita.<br>Desabilitar isso pode fazer com que certas fun\u00e7\u00f5es n\u00e3o funcionem corretamente. Por isso, \u00e9 recomendado n\u00e3o desabilit\u00e1-las.<\/p>\n\n\n\n<h3 class=\"wp-block-heading\"><strong>Cookies que instalamos<\/strong><\/h3>\n\n\n\n<p><strong>Cookies relacionados com informa\u00e7\u00f5es:<\/strong><br>Se voc\u00ea criar uma conta conosco, usaremos cookies para gerenciar o processo de registro e a administra\u00e7\u00e3o geral. Esses cookies normalmente s\u00e3o eliminados ao encerrar a sess\u00e3o, mas em alguns casos podem permanecer para registrar suas prefer\u00eancias.<\/p>\n\n\n\n<p><strong>Cookies de in\u00edcio de sess\u00e3o:<\/strong><br>Usamos cookies quando iniciamos uma sess\u00e3o para registrar o que voc\u00ea fez, evitando que voc\u00ea o fa\u00e7a toda vez que visitar uma nova p\u00e1gina.<br>Esses cookies s\u00e3o eliminados ao encerrar a sess\u00e3o.<\/p>\n\n\n\n<p><strong>Cookies de boletins eletr\u00f4nicos:<\/strong><br>Este site oferece servi\u00e7os de assinatura por correio eletr\u00f4nico e voc\u00ea pode usar cookies para registrar se voc\u00ea est\u00e1 registrado e exibir notifica\u00e7\u00f5es relevantes.<\/p>\n\n\n\n<p><strong>Cookies de processamento de pedidos:<\/strong><br>Se o site oferece com\u00e9rcio eletr\u00f4nico ou pago, alguns cookies s\u00e3o essenciais para registrar seus pedidos entre p\u00e1ginas e process\u00e1-los corretamente.<\/p>\n\n\n\n<p><strong>Cookies de encuestas:<\/strong><br>Ocasionalmente, realizamos consultas ou question\u00e1rios para oferecer informa\u00e7\u00f5es \u00fateis ou conhecer melhor nossos usu\u00e1rios. Esses cookies podem ser gravados quando voc\u00ea participou.<\/p>\n\n\n\n<p><strong>Cookies de formul\u00e1rios:<\/strong><br>Ao enviar dados por meio de um formul\u00e1rio (por exemplo, em p\u00e1ginas de contato ou coment\u00e1rios), voc\u00ea pode configurar cookies para registrar seus dados de usu\u00e1rio para comunica\u00e7\u00f5es futuras.<\/p>\n\n\n\n<p><strong>Cookies de prefer\u00eancias do site:<\/strong><br>Para oferecer uma melhor experi\u00eancia, armazenamos suas prefer\u00eancias de uso do site por meio de cookies, de forma que essas informa\u00e7\u00f5es possam ser recuperadas sempre que voc\u00ea interagir com o site.<\/p>\n\n\n\n<h3 class=\"wp-block-heading\"><strong>Cookies de terceiros<\/strong><\/h3>\n\n\n\n<p>Em alguns casos especiais, tamb\u00e9m utilizamos cookies de terceros de confian\u00e7a.<\/p>\n\n\n\n<p><strong>Google Analytics:<\/strong><br>Este site utiliza o Google Analytics, uma das solu\u00e7\u00f5es de an\u00e1lise mais extensas e confi\u00e1veis do mundo, para nos ajudar a compreender como usar o site e como melhorar sua experi\u00eancia.<br>Esses cookies podem rastrear aspectos como o tempo que voc\u00ea passa no site e as p\u00e1ginas que voc\u00ea visita.<br>Para mais informa\u00e7\u00f5es sobre os cookies do Google Analytics, visite a p\u00e1gina oficial do Google Analytics.<\/p>\n\n\n\n<p><strong>Testes e melhorias:<\/strong><br>De vez em quando testamos novas fun\u00e7\u00f5es e realizamos mudan\u00e7as na forma de entrega no local.<br>Durante essas verifica\u00e7\u00f5es, os cookies podem garantir que voc\u00ea receba uma experi\u00eancia coerente enquanto entendemos quais otimiza\u00e7\u00f5es preferem os usu\u00e1rios.<\/p>\n\n\n\n<p><strong>Cookies de compra:<\/strong><br>Como vendemos produtos, \u00e9 importante entender estat\u00edsticas sobre quantos visitantes realizam compras.<br>Esses dados nos ajudam a fazer previs\u00f5es comerciais e otimizar custos de publicidade e pre\u00e7os.<\/p>\n\n\n\n<p><strong>Bot\u00f5es e complementos de redes sociais:<\/strong><br>Usamos bot\u00f5es ou plug-ins que permitem conectar-nos \u00e0s redes sociais de diversas maneiras.<br>Essas redes, por exemplo, podem instalar cookies em nosso site para melhorar seu perfil ou usar os dados com detalhes descritos em suas pr\u00f3prias pol\u00edticas de privacidade.<\/p>\n\n\n\n<h3 class=\"wp-block-heading\"><strong>Publicidade (Google AdSense) e suas op\u00e7\u00f5es<\/strong><\/h3>\n\n\n\n<p>Este site utiliza <strong>Google AdSense<\/strong> para exibir an\u00fancios.<br>Google e suas redes sociais podem usar cookies e outras tecnologias para oferecer, medir e personalizar an\u00fancios com base em suas visitas a este e outros sites da web.<\/p>\n\n\n\n<p>Para saber como o Google usa os dados dos sites e aplicativos que utilizam seus servi\u00e7os, visite:<br>\ud83d\udc49 <a href=\"https:\/\/policies.google.com\/technologies\/partner-sites\">https:\/\/policies.google.com\/technologies\/partner-sites<\/a><\/p>\n\n\n\n<p><strong>Como optar por n\u00e3o receber an\u00fancios personalizados:<\/strong><br>Voc\u00ea pode desativar a publicidade personalizada do Google visitando <a href=\"https:\/\/myadcenter.google.com\/personalizationoff?sasb=true&amp;ref=ad-settings\"><strong>Configura\u00e7\u00e3o de An\u00fancios (Meu Centro de An\u00fancios)<\/strong>.<\/a><br>Voc\u00ea tamb\u00e9m pode optar por n\u00e3o receber an\u00fancios com base no interesse de outros fornecedores em<a href=\"https:\/\/optout.aboutads.info\/\"> <strong>AboutAds.info\/escolhas<\/strong>.<\/a><\/p>\n\n\n\n<p>Nota: Incluindo se voc\u00ea optar por n\u00e3o receber an\u00fancios personalizados, seguiremos vendo an\u00fancios, mas ser\u00e3o menos relevantes.<\/p>\n\n\n\n<h3 class=\"wp-block-heading\"><strong>Mais informa\u00e7\u00f5es<\/strong><\/h3>\n\n\n\n<p>Esperamos que esta explica\u00e7\u00e3o tenha sido clara. Como mencionamos anteriormente, se voc\u00ea n\u00e3o tiver certeza de precisar de cookies ou n\u00e3o, \u00e9 mais seguro deix\u00e1-los ativados para garantir a funcionalidade completa do site.<\/p>\n\n\n\n<p><strong>Esta pol\u00edtica \u00e9 efetiva desde outubro de 2025.<\/strong><\/p>","protected":false},"excerpt":{"rendered":"<p>Tu privacidad es importante para nosotros. Es pol\u00edtica de breakingnewsfront respetar tu privacidad con respecto a cualquier informaci\u00f3n que podamos recopilar de ti en nuestro sitio web, breakingnewsfront, y en otros sitios que poseemos y operamos. Solo solicitamos informaci\u00f3n personal cuando realmente la necesitamos para brindarte un servicio. La recopilamos por medios justos y legales, [&hellip;]<\/p>","protected":false},"author":50,"featured_media":0,"parent":0,"menu_order":0,"comment_status":"closed","ping_status":"closed","template":"","meta":{"footnotes":""},"yoast_head":"<!-- This site is optimized with the Yoast SEO Premium plugin v18.7 (Yoast SEO v23.3) - https:\/\/yoast.com\/wordpress\/plugins\/seo\/ -->\n<title>Pol\u00edtica de Privacidad - breakingnewsfront<\/title>\n<meta name=\"robots\" content=\"index, follow, max-snippet:-1, max-image-preview:large, max-video-preview:-1\" \/>\n<link rel=\"canonical\" href=\"http:\/\/breakingnewsfront.com\/pt\/privacy-policy\/\" \/>\n<meta property=\"og:locale\" content=\"pt_BR\" \/>\n<meta property=\"og:type\" content=\"article\" \/>\n<meta property=\"og:title\" content=\"Pol\u00edtica de Privacidad\" \/>\n<meta property=\"og:description\" content=\"Tu privacidad es importante para nosotros. Es pol\u00edtica de breakingnewsfront respetar tu privacidad con respecto a cualquier informaci\u00f3n que podamos recopilar de ti en nuestro sitio web, breakingnewsfront, y en otros sitios que poseemos y operamos. Solo solicitamos informaci\u00f3n personal cuando realmente la necesitamos para brindarte un servicio. La recopilamos por medios justos y legales, [&hellip;]\" \/>\n<meta property=\"og:url\" content=\"http:\/\/breakingnewsfront.com\/pt\/privacy-policy\/\" \/>\n<meta property=\"og:site_name\" content=\"breakingnewsfront\" \/>\n<meta property=\"article:modified_time\" content=\"2025-11-24T18:45:55+00:00\" \/>\n<meta name=\"twitter:card\" content=\"summary_large_image\" \/>\n<meta name=\"twitter:label1\" content=\"Est. reading time\" \/>\n\t<meta name=\"twitter:data1\" content=\"5 minutos\" \/>\n<script type=\"application\/ld+json\" class=\"yoast-schema-graph\">{\"@context\":\"https:\/\/schema.org\",\"@graph\":[{\"@type\":\"WebPage\",\"@id\":\"http:\/\/breakingnewsfront.com\/es\/privacy-policy\/\",\"url\":\"http:\/\/breakingnewsfront.com\/es\/privacy-policy\/\",\"name\":\"Pol\u00edtica de Privacidad - breakingnewsfront\",\"isPartOf\":{\"@id\":\"https:\/\/breakingnewsfront.com\/#website\"},\"datePublished\":\"2023-12-16T03:15:48+00:00\",\"dateModified\":\"2025-11-24T18:45:55+00:00\",\"breadcrumb\":{\"@id\":\"http:\/\/breakingnewsfront.com\/es\/privacy-policy\/#breadcrumb\"},\"inLanguage\":\"pt-BR\",\"potentialAction\":[{\"@type\":\"ReadAction\",\"target\":[\"http:\/\/breakingnewsfront.com\/es\/privacy-policy\/\"]}]},{\"@type\":\"BreadcrumbList\",\"@id\":\"http:\/\/breakingnewsfront.com\/es\/privacy-policy\/#breadcrumb\",\"itemListElement\":[{\"@type\":\"ListItem\",\"position\":1,\"name\":\"Home\",\"item\":\"https:\/\/breakingnewsfront.com\/\"},{\"@type\":\"ListItem\",\"position\":2,\"name\":\"Pol\u00edtica de Privacidad\"}]},{\"@type\":\"WebSite\",\"@id\":\"https:\/\/breakingnewsfront.com\/#website\",\"url\":\"https:\/\/breakingnewsfront.com\/\",\"name\":\"breakingnewsfront\",\"description\":\"\",\"publisher\":{\"@id\":\"https:\/\/breakingnewsfront.com\/#organization\"},\"potentialAction\":[{\"@type\":\"SearchAction\",\"target\":{\"@type\":\"EntryPoint\",\"urlTemplate\":\"https:\/\/breakingnewsfront.com\/?s={search_term_string}\"},\"query-input\":\"required name=search_term_string\"}],\"inLanguage\":\"pt-BR\"},{\"@type\":\"Organization\",\"@id\":\"https:\/\/breakingnewsfront.com\/#organization\",\"name\":\"breakingnewsfront\",\"url\":\"https:\/\/breakingnewsfront.com\/\",\"logo\":{\"@type\":\"ImageObject\",\"inLanguage\":\"pt-BR\",\"@id\":\"https:\/\/breakingnewsfront.com\/#\/schema\/logo\/image\/\",\"url\":\"http:\/\/breakingnewsfront.com\/wp-content\/uploads\/sites\/98\/2024\/05\/cropped-cropped-BREAKING-NEWS-FRONT-1-2.png\",\"contentUrl\":\"http:\/\/breakingnewsfront.com\/wp-content\/uploads\/sites\/98\/2024\/05\/cropped-cropped-BREAKING-NEWS-FRONT-1-2.png\",\"width\":512,\"height\":512,\"caption\":\"breakingnewsfront\"},\"image\":{\"@id\":\"https:\/\/breakingnewsfront.com\/#\/schema\/logo\/image\/\"}}]}<\/script>\n<!-- \/ Yoast SEO Premium plugin. -->","yoast_head_json":{"title":"Pol\u00edtica de Privacidad - breakingnewsfront","robots":{"index":"index","follow":"follow","max-snippet":"max-snippet:-1","max-image-preview":"max-image-preview:large","max-video-preview":"max-video-preview:-1"},"canonical":"http:\/\/breakingnewsfront.com\/pt\/privacy-policy\/","og_locale":"pt_BR","og_type":"article","og_title":"Pol\u00edtica de Privacidad","og_description":"Tu privacidad es importante para nosotros. Es pol\u00edtica de breakingnewsfront respetar tu privacidad con respecto a cualquier informaci\u00f3n que podamos recopilar de ti en nuestro sitio web, breakingnewsfront, y en otros sitios que poseemos y operamos. Solo solicitamos informaci\u00f3n personal cuando realmente la necesitamos para brindarte un servicio. La recopilamos por medios justos y legales, [&hellip;]","og_url":"http:\/\/breakingnewsfront.com\/pt\/privacy-policy\/","og_site_name":"breakingnewsfront","article_modified_time":"2025-11-24T18:45:55+00:00","twitter_card":"summary_large_image","twitter_misc":{"Est. reading time":"5 minutos"},"schema":{"@context":"https:\/\/schema.org","@graph":[{"@type":"WebPage","@id":"http:\/\/breakingnewsfront.com\/es\/privacy-policy\/","url":"http:\/\/breakingnewsfront.com\/es\/privacy-policy\/","name":"Pol\u00edtica de Privacidad - breakingnewsfront","isPartOf":{"@id":"https:\/\/breakingnewsfront.com\/#website"},"datePublished":"2023-12-16T03:15:48+00:00","dateModified":"2025-11-24T18:45:55+00:00","breadcrumb":{"@id":"http:\/\/breakingnewsfront.com\/es\/privacy-policy\/#breadcrumb"},"inLanguage":"pt-BR","potentialAction":[{"@type":"ReadAction","target":["http:\/\/breakingnewsfront.com\/es\/privacy-policy\/"]}]},{"@type":"BreadcrumbList","@id":"http:\/\/breakingnewsfront.com\/es\/privacy-policy\/#breadcrumb","itemListElement":[{"@type":"ListItem","position":1,"name":"Home","item":"https:\/\/breakingnewsfront.com\/"},{"@type":"ListItem","position":2,"name":"Pol\u00edtica de Privacidad"}]},{"@type":"WebSite","@id":"https:\/\/breakingnewsfront.com\/#website","url":"https:\/\/breakingnewsfront.com\/","name":"breakingnewsfront","description":"","publisher":{"@id":"https:\/\/breakingnewsfront.com\/#organization"},"potentialAction":[{"@type":"SearchAction","target":{"@type":"EntryPoint","urlTemplate":"https:\/\/breakingnewsfront.com\/?s={search_term_string}"},"query-input":"required name=search_term_string"}],"inLanguage":"pt-BR"},{"@type":"Organization","@id":"https:\/\/breakingnewsfront.com\/#organization","name":"breakingnewsfront","url":"https:\/\/breakingnewsfront.com\/","logo":{"@type":"ImageObject","inLanguage":"pt-BR","@id":"https:\/\/breakingnewsfront.com\/#\/schema\/logo\/image\/","url":"http:\/\/breakingnewsfront.com\/wp-content\/uploads\/sites\/98\/2024\/05\/cropped-cropped-BREAKING-NEWS-FRONT-1-2.png","contentUrl":"http:\/\/breakingnewsfront.com\/wp-content\/uploads\/sites\/98\/2024\/05\/cropped-cropped-BREAKING-NEWS-FRONT-1-2.png","width":512,"height":512,"caption":"breakingnewsfront"},"image":{"@id":"https:\/\/breakingnewsfront.com\/#\/schema\/logo\/image\/"}}]}},"_links":{"self":[{"href":"http:\/\/breakingnewsfront.com\/pt\/wp-json\/wp\/v2\/pages\/102"}],"collection":[{"href":"http:\/\/breakingnewsfront.com\/pt\/wp-json\/wp\/v2\/pages"}],"about":[{"href":"http:\/\/breakingnewsfront.com\/pt\/wp-json\/wp\/v2\/types\/page"}],"author":[{"embeddable":true,"href":"http:\/\/breakingnewsfront.com\/pt\/wp-json\/wp\/v2\/users\/50"}],"replies":[{"embeddable":true,"href":"http:\/\/breakingnewsfront.com\/pt\/wp-json\/wp\/v2\/comments?post=102"}],"version-history":[{"count":4,"href":"http:\/\/breakingnewsfront.com\/pt\/wp-json\/wp\/v2\/pages\/102\/revisions"}],"predecessor-version":[{"id":3626,"href":"http:\/\/breakingnewsfront.com\/pt\/wp-json\/wp\/v2\/pages\/102\/revisions\/3626"}],"wp:attachment":[{"href":"http:\/\/breakingnewsfront.com\/pt\/wp-json\/wp\/v2\/media?parent=102"}],"curies":[{"name":"wp","href":"https:\/\/api.w.org\/{rel}","templated":true}]}}